{"id":1637,"date":"2018-10-13T01:53:52","date_gmt":"2018-10-13T01:53:52","guid":{"rendered":"https:\/\/demo.casethemes.net\/nimmo\/?page_id=7"},"modified":"2025-11-17T12:48:08","modified_gmt":"2025-11-17T12:48:08","slug":"home","status":"publish","type":"page","link":"https:\/\/alphavillepiumhi.com.br\/","title":{"rendered":"Home"},"content":{"rendered":"<section class=\"wpb-content-wrapper\"><p>[vc_row full_width=&#8221;stretch_row_content_no_spaces&#8221; el_id=&#8221;section-home&#8221;][vc_column]\n\t\t\t<!-- START Home1 REVOLUTION SLIDER 6.6.13 --><p class=\"rs-p-wp-fix\"><\/p>\n\t\t\t<rs-module-wrap id=\"rev_slider_5_1_wrapper\" data-source=\"gallery\" style=\"visibility:hidden;background:transparent;padding:0;margin:0px auto;margin-top:0;margin-bottom:0;\">\n\t\t\t\t<rs-module id=\"rev_slider_5_1\" style=\"\" data-version=\"6.6.13\">\n\t\t\t\t\t<rs-slides style=\"overflow: hidden; position: absolute;\">\n\t\t\t\t\t\t<rs-slide style=\"position: absolute;\" data-key=\"rs-9\" data-title=\"Slide\" data-in=\"o:0;\" data-out=\"a:false;\">\n\t\t\t\t\t\t\t<img decoding=\"async\" src=\"\/\/alphavillepiumhi.com.br\/wp-content\/plugins\/revslider\/public\/assets\/assets\/dummy.png\" alt=\"\" title=\"Banner_Header_Slider_1_Alphaville copiar2\" width=\"1920\" height=\"1080\" class=\"rev-slidebg tp-rs-img rs-lazyload\" data-lazyload=\"\/\/alphavillepiumhi.com.br\/wp-content\/uploads\/2025\/11\/Banner_Header_Slider_1_Alphaville-copiar2.webp\" data-parallax=\"off\" data-no-retina>\n<!--\n\t\t\t\t\t\t\t--><rs-group\n\t\t\t\t\t\t\t\tid=\"slider-5-slide-9-layer-2\" \n\t\t\t\t\t\t\t\tdata-type=\"group\"\n\t\t\t\t\t\t\t\tdata-xy=\"x:c;xo:28px,28px,0,0;y:m;yo:-63px,-63px,0,0;\"\n\t\t\t\t\t\t\t\tdata-text=\"l:22;a:left,left,inherit,inherit;\"\n\t\t\t\t\t\t\t\tdata-dim=\"w:100%;h:288px,288px,238px,158px;\"\n\t\t\t\t\t\t\t\tdata-rsp_bd=\"off\"\n\t\t\t\t\t\t\t\tdata-frame_1=\"sp:600;sR:10;\"\n\t\t\t\t\t\t\t\tdata-frame_999=\"o:0;st:w;sp:600;sR:8390;sA:9000;\"\n\t\t\t\t\t\t\t\tstyle=\"z-index:6;\"\n\t\t\t\t\t\t\t><!--\n\t\t\t\t\t\t\t\t--><rs-layer\n\t\t\t\t\t\t\t\t\tid=\"slider-5-slide-9-layer-0\" \n\t\t\t\t\t\t\t\t\tdata-type=\"text\"\n\t\t\t\t\t\t\t\t\tdata-xy=\"x:c;xo:-429px,-429px,0,0;yo:38px,38px,-11px,-11px;\"\n\t\t\t\t\t\t\t\t\tdata-pos=\"a\"\n\t\t\t\t\t\t\t\t\tdata-text=\"s:47,47,48,32;l:56,56,57,38;fw:600;a:inherit;\"\n\t\t\t\t\t\t\t\t\tdata-rsp_o=\"off\"\n\t\t\t\t\t\t\t\t\tdata-rsp_bd=\"off\"\n\t\t\t\t\t\t\t\t\tdata-frame_0=\"y:39px;\"\n\t\t\t\t\t\t\t\t\tdata-frame_1=\"e:easeOutCirc;st:700;sp:800;sR:690;\"\n\t\t\t\t\t\t\t\t\tdata-frame_999=\"y:-39px;o:0;e:easeOutCirc;st:w;sp:600;sR:7500;\"\n\t\t\t\t\t\t\t\t\tstyle=\"z-index:9;font-family:'Poppins';\"\n\t\t\t\t\t\t\t\t>E A QUALIDADE \n\t\t\t\t\t\t\t\t<\/rs-layer><!--\n\n\t\t\t\t\t\t\t\t--><rs-layer\n\t\t\t\t\t\t\t\t\tid=\"slider-5-slide-9-layer-6\" \n\t\t\t\t\t\t\t\t\tclass=\"hover-effect rev-btn\"\n\t\t\t\t\t\t\t\t\tdata-type=\"button\"\n\t\t\t\t\t\t\t\t\tdata-color=\"#ffffff||#ffffff||#2c3035||#2c3035\"\n\t\t\t\t\t\t\t\t\tdata-xy=\"x:c;xo:-506px,-506px,-97px,-72px;y:b;yo:59px,59px,0,0;\"\n\t\t\t\t\t\t\t\t\tdata-pos=\"a\"\n\t\t\t\t\t\t\t\t\tdata-text=\"s:15,15,16,16;l:55,55,48,45;fw:500;a:inherit;\"\n\t\t\t\t\t\t\t\t\tdata-actions='o:click;a:simplelink;target:_self;url:#;'\n\t\t\t\t\t\t\t\t\tdata-rsp_o=\"off\"\n\t\t\t\t\t\t\t\t\tdata-rsp_bd=\"off\"\n\t\t\t\t\t\t\t\t\tdata-padding=\"r:57,57,35,20;l:57,57,35,20;\"\n\t\t\t\t\t\t\t\t\tdata-border=\"bor:58px,58px,58px,58px;\"\n\t\t\t\t\t\t\t\t\tdata-frame_0=\"x:-47px;\"\n\t\t\t\t\t\t\t\t\tdata-frame_1=\"e:easeOutCirc;st:1400;sp:600;sR:1390;\"\n\t\t\t\t\t\t\t\t\tdata-frame_999=\"x:-47px;o:0;e:easeOutCirc;st:w;sp:600;sR:7000;\"\n\t\t\t\t\t\t\t\t\tdata-frame_hover=\"c:#2d3136;bgc:#fff;boc:#000;bor:58px,58px,58px,58px;bos:solid;oX:50;oY:50;e:power0.in;\"\n\t\t\t\t\t\t\t\t\tstyle=\"z-index:8;background:linear-gradient(rgba(135,252,112,1) 0%, rgba(11,211,24,1) 100%);font-family:'Montserrat';text-transform:uppercase;cursor:pointer;outline:none;box-shadow:none;box-sizing:border-box;-moz-box-sizing:border-box;-webkit-box-sizing:border-box;\"\n\t\t\t\t\t\t\t\t>CONTATO \n\t\t\t\t\t\t\t\t<\/rs-layer><!--\n\n\t\t\t\t\t\t\t\t--><rs-layer\n\t\t\t\t\t\t\t\t\tid=\"slider-5-slide-9-layer-5\" \n\t\t\t\t\t\t\t\t\tdata-type=\"text\"\n\t\t\t\t\t\t\t\t\tdata-xy=\"x:c;xo:-250px,-250px,0,0;yo:95px,95px,120px,-9999px;\"\n\t\t\t\t\t\t\t\t\tdata-pos=\"a\"\n\t\t\t\t\t\t\t\t\tdata-text=\"s:29,29,16,16;l:39,39,26,26;fw:500,500,500,400;a:inherit;\"\n\t\t\t\t\t\t\t\t\tdata-dim=\"w:705,705,auto,auto;h:57,57,auto,auto;\"\n\t\t\t\t\t\t\t\t\tdata-rsp_o=\"off\"\n\t\t\t\t\t\t\t\t\tdata-rsp_bd=\"off\"\n\t\t\t\t\t\t\t\t\tdata-frame_0=\"y:74px;\"\n\t\t\t\t\t\t\t\t\tdata-frame_1=\"e:easeOutCirc;st:1100;sp:800;sR:1090;\"\n\t\t\t\t\t\t\t\t\tdata-frame_999=\"y:-74px;o:0;e:easeOutCirc;st:w;sp:600;sR:7100;\"\n\t\t\t\t\t\t\t\t\tstyle=\"z-index:7;font-family:'Roboto';\"\n\t\t\t\t\t\t\t\t>QUE VOC\u00ca PROCURA. \n\t\t\t\t\t\t\t\t<\/rs-layer><!--\n\n\t\t\t\t\t\t\t\t--><rs-layer\n\t\t\t\t\t\t\t\t\tid=\"slider-5-slide-9-layer-1\" \n\t\t\t\t\t\t\t\t\tdata-type=\"text\"\n\t\t\t\t\t\t\t\t\tdata-xy=\"x:c;xo:-445px,-445px,0,0;yo:-10px,-10px,-11px,-11px;\"\n\t\t\t\t\t\t\t\t\tdata-pos=\"a\"\n\t\t\t\t\t\t\t\t\tdata-text=\"s:47,47,48,32;l:56,56,57,38;fw:600;a:inherit;\"\n\t\t\t\t\t\t\t\t\tdata-rsp_o=\"off\"\n\t\t\t\t\t\t\t\t\tdata-rsp_bd=\"off\"\n\t\t\t\t\t\t\t\t\tdata-frame_0=\"y:39px;\"\n\t\t\t\t\t\t\t\t\tdata-frame_1=\"e:easeOutCirc;st:700;sp:800;sR:690;\"\n\t\t\t\t\t\t\t\t\tdata-frame_999=\"y:-39px;o:0;e:easeOutCirc;st:w;sp:600;sR:7500;\"\n\t\t\t\t\t\t\t\t\tstyle=\"z-index:6;font-family:'Poppins';\"\n\t\t\t\t\t\t\t\t>O CONFORTO  \n\t\t\t\t\t\t\t\t<\/rs-layer><!--\n\t\t\t\t\t\t\t--><\/rs-group><!--\n-->\t\t\t\t\t\t<\/rs-slide>\n\t\t\t\t\t\t<rs-slide style=\"position: absolute;\" data-key=\"rs-10\" data-title=\"Slide\" data-thumb=\"\/\/alphavillepiumhi.com.br\/wp-content\/uploads\/2023\/05\/Banner_Header_Slider_2.2_Alphaville-100x50.jpg\" data-in=\"o:0;\" data-out=\"a:false;\">\n\t\t\t\t\t\t\t<img decoding=\"async\" src=\"\/\/alphavillepiumhi.com.br\/wp-content\/plugins\/revslider\/public\/assets\/assets\/dummy.png\" alt=\"Banner_Header_Slider_2.2_Alphaville\" title=\"Banner_Header_Slider_2.2_Alphaville\" width=\"1920\" height=\"1080\" class=\"rev-slidebg tp-rs-img rs-lazyload\" data-lazyload=\"\/\/alphavillepiumhi.com.br\/wp-content\/uploads\/2023\/05\/Banner_Header_Slider_2.2_Alphaville.jpg\" data-parallax=\"off\" data-no-retina>\n<!---->\t\t\t\t\t\t<\/rs-slide>\n\t\t\t\t\t<\/rs-slides>\n\t\t\t\t<\/rs-module>\n\t\t\t\t<script>\n\t\t\t\t\tsetREVStartSize({c: 'rev_slider_5_1',rl:[1240,1024,778,480],el:[980,768,680,560],gw:[1200,1024,778,480],gh:[980,768,620,520],type:'standard',justify:'',layout:'fullwidth',mh:\"0\"});if (window.RS_MODULES!==undefined && window.RS_MODULES.modules!==undefined && window.RS_MODULES.modules[\"revslider51\"]!==undefined) {window.RS_MODULES.modules[\"revslider51\"].once = false;window.revapi5 = undefined;if (window.RS_MODULES.checkMinimal!==undefined) window.RS_MODULES.checkMinimal()}\n\t\t\t\t<\/script>\n\t\t\t<\/rs-module-wrap>\n\t\t\t<!-- END REVOLUTION SLIDER -->\n[\/vc_column][\/vc_row][vc_row el_id=&#8221;destaque&#8221;][vc_column ct_column_class=&#8221;rm-padding-md&#8221; css=&#8221;.vc_custom_1540021731938{padding-top: 0px !important;padding-right: 0px !important;}&#8221; offset=&#8221;vc_col-lg-5 vc_col-md-5&#8243;][ct_space space_lg=&#8221;90&#8243; space_md=&#8221;60&#8243; space_sm=&#8221;60&#8243; space_xs=&#8221;60&#8243;][ct_heading text=&#8221;DESCUBRA UM<br \/>\nNOVO ESTILO DE VIDA&#8221; font_size_md=&#8221;36&#8243; font_size_sm=&#8221;32&#8243; font_size_xs=&#8221;32&#8243; font_weight=&#8221;&#8221; text_color=&#8221;#213a21&#8243; custom_fonts=&#8221;true&#8221; google_fonts=&#8221;font_family:Montserrat%3Aregular%2C700|font_style:400%20regular%3A400%3Anormal&#8221; font_weight_sub=&#8221;&#8221; description=&#8221;NO LUGAR DOS SEUS SONHOS&#8221; description_color=&#8221;#000000&#8243; animation=&#8221;none&#8221;][ct_space space_lg=&#8221;20&#8243; space_md=&#8221;60&#8243; space_sm=&#8221;50&#8243; space_xs=&#8221;50&#8243;][ct_list_icon icon_fontawesome=&#8221;fas fa-circle&#8221; content_list=&#8221;Pavimenta\u00e7\u00e3o asf\u00e1ltica&#8221;][ct_list_icon icon_fontawesome=&#8221;fas fa-circle&#8221; content_list=&#8221;Ilumina\u00e7\u00e3o p\u00fablica&#8221;][ct_list_icon icon_fontawesome=&#8221;fas fa-circle&#8221; content_list=&#8221;\u00c1rea verde&#8221;][ct_list_icon icon_fontawesome=&#8221;fas fa-circle&#8221; content_list=&#8221;Rede de \u00e1gua&#8221;][ct_list_icon icon_fontawesome=&#8221;fas fa-circle&#8221; content_list=&#8221;Energia el\u00e9trica&#8221;][ct_list_icon icon_fontawesome=&#8221;fas fa-circle&#8221; content_list=&#8221;Rede de esgoto&#8221;][ct_space space_lg=&#8221;30&#8243;][\/vc_column][vc_column ct_column_class=&#8221;rm-padding-md&#8221; css=&#8221;.vc_custom_1540021746573{padding-top: 0px !important;padding-left: 35px !important;}&#8221; offset=&#8221;vc_col-lg-7 vc_col-md-7&#8243;][ct_space space_lg=&#8221;80&#8243;][vc_single_image image=&#8221;1712&#8243; img_size=&#8221;full&#8221; alignment=&#8221;right&#8221; css_animation=&#8221;fadeInRight&#8221; css=&#8221;.vc_custom_1683748548349{margin-bottom: 0px !important;padding-bottom: 0px !important;}&#8221;][\/vc_column][\/vc_row][vc_row full_width=&#8221;stretch_row_content_no_spaces&#8221; css=&#8221;.vc_custom_1683839946904{padding-top: 120px !important;background-color: #f4f7fc !important;}&#8221; el_id=&#8221;masterplan&#8221;][vc_column css=&#8221;.vc_custom_1539747466925{padding-top: 0px !important;}&#8221;][vc_row_inner][vc_column_inner width=&#8221;1\/4&#8243;][\/vc_column_inner][vc_column_inner width=&#8221;1\/2&#8243; ct_column_inner_class=&#8221;rm-padding-lg&#8221; css=&#8221;.vc_custom_1540022040991{padding-top: 0px !important;padding-right: 0px !important;padding-bottom: 58px !important;padding-left: 0px !important;}&#8221; offset=&#8221;vc_col-lg-6 vc_col-md-6&#8243;][ct_heading text=&#8221;MASTERPLAN&#8221; tag=&#8221;h1&#8243; align_lg=&#8221;align-center&#8221; align_md=&#8221;align-center-md&#8221; align_sm=&#8221;align-center-sm&#8221; align_xs=&#8221;align-center-xs&#8221; font_size_md=&#8221;40&#8243; font_size_sm=&#8221;32&#8243; font_size_xs=&#8221;32&#8243; font_weight=&#8221;&#8221; text_color=&#8221;#81d742&#8243; subtitle=&#8221;Um empreendimento&#8221; subtitle_color=&#8221;#bcbcbc&#8221; font_weight_sub=&#8221;&#8221;][\/vc_column_inner][vc_column_inner width=&#8221;1\/4&#8243;][\/vc_column_inner][\/vc_row_inner][vc_row_inner row_border_box=&#8221;row-boxed&#8221;][vc_column_inner css=&#8221;.vc_custom_1541758209109{padding-top: 0px !important;}&#8221;][ct_process ct_process_list=&#8221;%5B%7B%22title%22%3A%22Ruas%20e%20avenidas%3Cbr%3Eamplas%22%2C%22icon_type%22%3A%22image%22%2C%22icon_image%22%3A%221715%22%2C%22icon_list%22%3A%22flaticon%22%2C%22icon_flaticon%22%3A%22flaticon-speed%22%7D%2C%7B%22title%22%3A%22Pista%20de%3Cbr%3Eciclismo%22%2C%22icon_type%22%3A%22image%22%2C%22icon_image%22%3A%221716%22%2C%22icon_list%22%3A%22flaticon%22%2C%22icon_flaticon%22%3A%22flaticon-network%22%7D%2C%7B%22title%22%3A%22%C3%81reas%20verdes%22%2C%22icon_type%22%3A%22image%22%2C%22icon_image%22%3A%221717%22%2C%22icon_list%22%3A%22flaticon%22%2C%22icon_flaticon%22%3A%22flaticon-objective%22%7D%2C%7B%22title%22%3A%22Pra%C3%A7a%22%2C%22icon_type%22%3A%22image%22%2C%22icon_image%22%3A%221718%22%2C%22icon_list%22%3A%22flaticon%22%2C%22icon_flaticon%22%3A%22flaticon-banknote%22%7D%5D&#8221; title_color=&#8221;#2b2b2b&#8221;][ct_space space_lg=&#8221;80&#8243; space_md=&#8221;80&#8243; space_sm=&#8221;45&#8243; space_xs=&#8221;45&#8243;][\/vc_column_inner][\/vc_row_inner][vc_single_image image=&#8221;1313&#8243; alignment=&#8221;center&#8221; css=&#8221;.vc_custom_1683909229022{padding-bottom: 340px !important;background-image: url(https:\/\/alphavillepiumhi.com.br\/wp-content\/uploads\/2023\/05\/Banner_sessao_Alphaville2.jpg?id=1773) !important;background-position: 0 0 !important;background-repeat: no-repeat !important;}&#8221;][\/vc_column][\/vc_row][vc_row full_width=&#8221;stretch_row_content&#8221; content_placement=&#8221;top&#8221; css=&#8221;.vc_custom_1683839985431{padding-top: 10px !important;}&#8221; el_id=&#8221;ficha_tecnica&#8221;][vc_column width=&#8221;1\/2&#8243; css=&#8221;.vc_custom_1683815742148{margin-top: 0px !important;padding-top: 0px !important;}&#8221;][vc_single_image image=&#8221;1729&#8243; img_size=&#8221;&#8221; alignment=&#8221;right&#8221; ct_image_align_md=&#8221;image_align_sm_center&#8221; ct_image_align=&#8221;image_align_xs_center&#8221; css=&#8221;.vc_custom_1683815694845{margin-top: 20px !important;margin-left: 100px !important;padding-right: 0px !important;padding-bottom: 600px !important;padding-left: 40px !important;background-image: url(https:\/\/alphavillepiumhi.com.br\/wp-content\/uploads\/2023\/05\/imagem-3d-sessao-2.2.png?id=1736) !important;background-position: 0 0 !important;background-repeat: no-repeat !important;}&#8221;][\/vc_column][vc_column width=&#8221;1\/2&#8243; ct_column_class=&#8221;rm-padding-lg&#8221; css=&#8221;.vc_custom_1683815846495{margin-top: 50px !important;padding-top: 0px !important;padding-left: 70px !important;}&#8221;][ct_heading text=&#8221;T\u00c9CNICA&#8221; font_size_md=&#8221;36&#8243; font_size_sm=&#8221;32&#8243; font_size_xs=&#8221;32&#8243; font_weight=&#8221;&#8221; subtitle=&#8221;FICHA&#8221; subtitle_font_size=&#8221;28&#8243; sub_title_style=&#8221;style2&#8243; font_weight_sub=&#8221;&#8221;][ct_list_icon icon_fontawesome=&#8221;fas fa-angle-right&#8221; content_list=&#8221;Execu\u00e7\u00e3o e Incorpora\u00e7\u00e3o:&#8221;][vc_column_text]<span style=\"color: #999999;\">\u00a0 \u00a0 \u00a0 \u00a0 \u00a0 Construtora Lasper<\/span>[\/vc_column_text][ct_list_icon icon_fontawesome=&#8221;fas fa-angle-right&#8221; content_list=&#8221;Vendas:&#8221;][vc_column_text]<span style=\"color: #999999;\">\u00a0 \u00a0 \u00a0 \u00a0 \u00a0\u00a0PEMI Construtora<\/span>[\/vc_column_text][ct_list_icon icon_fontawesome=&#8221;fas fa-angle-right&#8221; content_list=&#8221;Localiza\u00e7\u00e3o:&#8221;][vc_column_text]<span style=\"color: #999999;\">\u00a0 \u00a0 \u00a0 \u00a0 \u00a0 Entre os bairros Santa Clara e Novo Horizonte, ao lado do Clube PTC e pr\u00f3ximo ao F\u00f3rum<\/span>[\/vc_column_text][ct_list_icon icon_fontawesome=&#8221;fas fa-angle-right&#8221; content_list=&#8221;\u00c1rea dos lotes:&#8221;][vc_column_text]<span style=\"color: #999999;\">\u00a0 \u00a0 \u00a0 \u00a0 \u00a0 A partir de 200m\u00b2<\/span>[\/vc_column_text][ct_list_icon icon_fontawesome=&#8221;fas fa-angle-right&#8221; content_list=&#8221;Unidades:&#8221;][vc_column_text]<span style=\"color: #999999;\">\u00a0 \u00a0 \u00a0 \u00a0 \u00a0 533<\/span>[\/vc_column_text][ct_list_icon icon_fontawesome=&#8221;fas fa-angle-right&#8221; content_list=&#8221;Infraestrutura completa:&#8221;][vc_column_text]<span style=\"color: #999999;\">\u00a0 \u00a0 \u00a0 \u00a0 \u00a0 \u00c1gua, Luz, Asfalto, Esgoto, Ruas e Avenidas Amplas, Pista de ciclismo, \u00c1reas Verdes e Pra\u00e7a <\/span>[\/vc_column_text][ct_list_icon icon_fontawesome=&#8221;fas fa-angle-right&#8221; content_list=&#8221;\u00c1rea Total do Empreendimento:&#8221;][vc_column_text]<span style=\"color: #999999;\">\u00a0 \u00a0 \u00a0 \u00a0 \u00a0 273.612,46m\u00b2<\/span>[\/vc_column_text][ct_list_icon icon_fontawesome=&#8221;fas fa-angle-right&#8221; content_list=&#8221;Prazo Previsto de Entrega:&#8221;][vc_column_text]<span style=\"color: #999999;\">\u00a0 \u00a0 \u00a0 \u00a0 \u00a0 Setembro\/2026<\/span>[\/vc_column_text][ct_list_icon icon_fontawesome=&#8221;fas fa-angle-right&#8221; content_list=&#8221;Condi\u00e7\u00e3o de pagamento:&#8221;][vc_column_text]<span style=\"color: #999999;\">\u00a0 \u00a0 \u00a0 \u00a0 \u00a0 Em at\u00e9 180x diretamente com a construtora<\/span>[\/vc_column_text][ct_list_icon icon_fontawesome=&#8221;fas fa-angle-right&#8221; content_list=&#8221;N\u00ba de registro:&#8221;][vc_column_text css=&#8221;.vc_custom_1683815587949{padding-top: 0px !important;}&#8221;]<span style=\"color: #999999;\">\u00a0 \u00a0 \u00a0 \u00a0 \u00a0 R.4\/41.230<\/span>[\/vc_column_text][\/vc_column][\/vc_row][vc_row full_width=&#8221;stretch_row_content_no_spaces&#8221; content_placement=&#8221;middle&#8221; css=&#8221;.vc_custom_1683824811502{padding-top: 125px !important;}&#8221;][vc_column][vc_single_image image=&#8221;1729&#8243; img_size=&#8221;&#8221; alignment=&#8221;right&#8221; ct_image_align_md=&#8221;image_align_sm_center&#8221; css=&#8221;.vc_custom_1683825672059{padding-bottom: 600px !important;background-image: url(https:\/\/alphavillepiumhi.com.br\/wp-content\/uploads\/2023\/05\/mapa_alphaville3.webp?id=1748) !important;background-position: 0 0 !important;background-repeat: no-repeat !important;}&#8221;][\/vc_column][\/vc_row][vc_row full_width=&#8221;stretch_row&#8221; parallax=&#8221;content-moving&#8221; parallax_image=&#8221;1753&#8243; parallax_speed_bg=&#8221;1.6&#8243; ct_row_class=&#8221;row-overlay&#8221; css=&#8221;.vc_custom_1683829329893{margin-top: -40px !important;padding-bottom: 80px !important;background-color: rgba(0,0,0,0.8) !important;*background-color: rgb(0,0,0) !important;}&#8221;][vc_column css=&#8221;.vc_custom_1541752613255{padding-top: 100px !important;padding-bottom: 110px !important;}&#8221;][ct_heading text=&#8221;comece a construir o seu futuro&#8221; align_lg=&#8221;align-center&#8221; align_md=&#8221;align-center-md&#8221; align_sm=&#8221;align-center-sm&#8221; align_xs=&#8221;align-center-xs&#8221; font_size_md=&#8221;36&#8243; font_size_sm=&#8221;32&#8243; font_size_xs=&#8221;32&#8243; font_weight=&#8221;&#8221; text_color=&#8221;#ffffff&#8221; gap_color=&#8221;rgba(255,255,255,0.01)&#8221; subtitle=&#8221;Assista agora ao v\u00eddeo do Loteamento Alphaville Piumhi e&#8221; subtitle_color=&#8221;#ffffff&#8221; font_weight_sub=&#8221;&#8221;][vc_empty_space height=&#8221;10px&#8221;][ct_video_player video_link=&#8221;url:https%3A%2F%2Falphavillepiumhi.com.br%2Fwp-content%2Fuploads%2F2023%2F05%2FDJI_0028.mp4&#8243; el_class=&#8221;text-center&#8221;][\/vc_column][\/vc_row][vc_row full_width=&#8221;stretch_row&#8221; el_id=&#8221;contact&#8221;][vc_column css=&#8221;.vc_custom_1540527888195{padding-top: 120px !important;padding-bottom: 120px !important;}&#8221;][vc_row_inner content_placement=&#8221;middle&#8221; css=&#8221;.vc_custom_1540527908144{padding-top: 110px !important;}&#8221;][vc_column_inner width=&#8221;1\/2&#8243; ct_column_inner_class=&#8221;rm-padding-lg&#8221; css=&#8221;.vc_custom_1541254477998{padding-top: 40px !important;padding-right: 140px !important;padding-bottom: 40px !important;}&#8221; animation_column=&#8221;fadeInLeft&#8221;][ct_heading text=&#8221;Contato&#8221; font_size=&#8221;32&#8243; font_size_md=&#8221;32&#8243; font_size_sm=&#8221;32&#8243; font_size_xs=&#8221;32&#8243; font_weight=&#8221;&#8221; font_weight_sub=&#8221;&#8221; margin_bottom=&#8221;18&#8243;][vc_raw_html css=&#8221;.vc_custom_1683830153962{margin-bottom: 18px !important;}&#8221;]JTNDZGl2JTIwY2xhc3MlM0QlMjJjb250YWN0LWluZm8lMjIlM0UlMEElMjAlMjAlMjAlMjAlM0NzcGFuJTNFRS1tYWlsJTNBJTNDJTJGc3BhbiUzRSUyMHBlbWklNDBwZW1pLmNvbS5iciUzQ2JyJTNFJTIwJTBBJTIwJTIwJTIwJTIwJTNDc3BhbiUzRVRlbGVmb25lJTNBJTNDJTJGc3BhbiUzRSUyMCUyODM1JTI5JTIwMzgyOSUyMDk4MDAlMEElM0MlMkZkaXYlM0U=[\/vc_raw_html][vc_column_text css=&#8221;.vc_custom_1683829835344{margin-bottom: 0px !important;}&#8221; el_class=&#8221;ft-heebo&#8221;]<span style=\"color: #808080;\">Com dificuldades? Encontre a resposta para a sua d\u00favida aqui. N\u00e3o hesite em nos contatar!<\/span>[\/vc_column_text][\/vc_column_inner][vc_column_inner width=&#8221;1\/2&#8243; animation_column=&#8221;fadeInRight&#8221;][ct_contact_form id=&#8221;185&#8243;][\/vc_column_inner][\/vc_row_inner][\/vc_column][\/vc_row][vc_row full_width=&#8221;stretch_row_content_no_spaces&#8221; css=&#8221;.vc_custom_1683909035462{background-color: #1a4a3f !important;}&#8221;][vc_column css=&#8221;.vc_custom_1683908951306{padding-top: 120px !important;padding-bottom: 0px !important;}&#8221;][vc_single_image image=&#8221;1701&#8243; img_size=&#8221;250&#215;91&#8243; alignment=&#8221;center&#8221;][vc_separator el_width=&#8221;20&#8243;][vc_row_inner content_placement=&#8221;middle&#8221; css=&#8221;.vc_custom_1540527908144{padding-top: 110px !important;}&#8221;][vc_column_inner width=&#8221;1\/2&#8243; ct_column_inner_class=&#8221;rm-padding-lg&#8221; css=&#8221;.vc_custom_1541254477998{padding-top: 40px !important;padding-right: 140px !important;padding-bottom: 40px !important;}&#8221; animation_column=&#8221;fadeInLeft&#8221;][vc_single_image image=&#8221;1774&#8243; img_size=&#8221;150&#215;45&#8243; alignment=&#8221;right&#8221;][\/vc_column_inner][vc_column_inner width=&#8221;1\/2&#8243; animation_column=&#8221;fadeInRight&#8221;][vc_single_image image=&#8221;1775&#8243; img_size=&#8221;250&#215;45&#8243;][\/vc_column_inner][\/vc_row_inner][\/vc_column][\/vc_row][vc_row][vc_column][\/vc_column][\/vc_row]<\/p>\n<\/section>","protected":false},"excerpt":{"rendered":"<p>[vc_row full_width=&#8221;stretch_row_content_no_spaces&#8221; el_id=&#8221;section-home&#8221;][vc_column][\/vc_column][\/vc_row][vc_row el_id=&#8221;destaque&#8221;][vc_column ct_column_class=&#8221;rm-padding-md&#8221; css=&#8221;.vc_custom_1540021731938{padding-top: 0px !important;padding-right: 0px !important;}&#8221; offset=&#8221;vc_col-lg-5 vc_col-md-5&#8243;][ct_space space_lg=&#8221;90&#8243; space_md=&#8221;60&#8243; space_sm=&#8221;60&#8243; space_xs=&#8221;60&#8243;][ct_heading text=&#8221;DESCUBRA UM NOVO ESTILO DE VIDA&#8221; font_size_md=&#8221;36&#8243; font_size_sm=&#8221;32&#8243; font_size_xs=&#8221;32&#8243; font_weight=&#8221;&#8221; text_color=&#8221;#213a21&#8243; custom_fonts=&#8221;true&#8221; google_fonts=&#8221;font_family:Montserrat%3Aregular%2C700|font_style:400%20regular%3A400%3Anormal&#8221; font_weight_sub=&#8221;&#8221; description=&#8221;NO LUGAR DOS SEUS SONHOS&#8221; description_color=&#8221;#000000&#8243; animation=&#8221;none&#8221;][ct_space space_lg=&#8221;20&#8243; space_md=&#8221;60&#8243; space_sm=&#8221;50&#8243; space_xs=&#8221;50&#8243;][ct_list_icon icon_fontawesome=&#8221;fas fa-circle&#8221; content_list=&#8221;Pavimenta\u00e7\u00e3o asf\u00e1ltica&#8221;][ct_list_icon icon_fontawesome=&#8221;fas fa-circle&#8221; content_list=&#8221;Ilumina\u00e7\u00e3o p\u00fablica&#8221;][ct_list_icon icon_fontawesome=&#8221;fas fa-circle&#8221; content_list=&#8221;\u00c1rea verde&#8221;][ct_list_icon icon_fontawesome=&#8221;fas fa-circle&#8221; [&hellip;]<\/p>\n","protected":false},"author":1,"featured_media":0,"parent":0,"menu_order":0,"comment_status":"closed","ping_status":"closed","template":"","meta":{"footnotes":""},"class_list":["post-1637","page","type-page","status-publish","hentry"],"aioseo_notices":[],"_links":{"self":[{"href":"https:\/\/alphavillepiumhi.com.br\/index.php\/wp-json\/wp\/v2\/pages\/1637","targetHints":{"allow":["GET"]}}],"collection":[{"href":"https:\/\/alphavillepiumhi.com.br\/index.php\/wp-json\/wp\/v2\/pages"}],"about":[{"href":"https:\/\/alphavillepiumhi.com.br\/index.php\/wp-json\/wp\/v2\/types\/page"}],"author":[{"embeddable":true,"href":"https:\/\/alphavillepiumhi.com.br\/index.php\/wp-json\/wp\/v2\/users\/1"}],"replies":[{"embeddable":true,"href":"https:\/\/alphavillepiumhi.com.br\/index.php\/wp-json\/wp\/v2\/comments?post=1637"}],"version-history":[{"count":47,"href":"https:\/\/alphavillepiumhi.com.br\/index.php\/wp-json\/wp\/v2\/pages\/1637\/revisions"}],"predecessor-version":[{"id":1784,"href":"https:\/\/alphavillepiumhi.com.br\/index.php\/wp-json\/wp\/v2\/pages\/1637\/revisions\/1784"}],"wp:attachment":[{"href":"https:\/\/alphavillepiumhi.com.br\/index.php\/wp-json\/wp\/v2\/media?parent=1637"}],"curies":[{"name":"wp","href":"https:\/\/api.w.org\/{rel}","templated":true}]}}